{"id":3111,"date":"2025-10-07T10:14:07","date_gmt":"2025-10-07T10:14:07","guid":{"rendered":"https:\/\/lareservaxalda.es\/?post_type=product&#038;p=3111"},"modified":"2025-10-07T10:15:57","modified_gmt":"2025-10-07T10:15:57","slug":"arandanos","status":"publish","type":"product","link":"https:\/\/lareservaxalda.es\/en\/product\/arandanos\/","title":{"rendered":"Ar\u00e1ndanos"},"content":{"rendered":"<p>En <strong>La Reserva Xalda<\/strong>, cultivamos ar\u00e1ndanos en un entorno natural \u00fanico, rodeados de montes y praderas del coraz\u00f3n de Asturias. Apostamos por un <strong>cultivo ecol\u00f3gico y sostenible<\/strong>, respetando los ritmos de la tierra y favoreciendo la biodiversidad.<\/p>\n<p>Nuestros ar\u00e1ndanos, de las variedades <strong>Ozarkblue<\/strong> y <strong>Duke<\/strong>, destacan por su dulzor equilibrado, su piel tersa y su aroma fresco. Cada fruto se recolecta manualmente en su punto \u00f3ptimo de maduraci\u00f3n para garantizar la m\u00e1xima calidad y sabor.<\/p>\n<p>Estas variedades estar\u00e1n disponibles entre <strong>junio y agosto de 2026<\/strong>, momento en el que podr\u00e1s disfrutar del aut\u00e9ntico sabor del ar\u00e1ndano asturiano directamente desde nuestra finca.<\/p>\n<p><strong>Producto local, sostenible y 100% natural.<\/strong><\/p>","protected":false},"excerpt":{"rendered":"<p>Ar\u00e1ndanos asturianos cultivados de forma sostenible en la finca La Reserva Xalda. Frutos de las variedades Ozarkblue y Duke, de sabor equilibrado y textura firme. <strong>Disponibles entre junio y agosto de 2026.<\/strong><\/p>","protected":false},"featured_media":3104,"comment_status":"open","ping_status":"closed","template":"","meta":{"_monsterinsights_skip_tracking":false,"_monsterinsights_sitenote_active":false,"_monsterinsights_sitenote_note":"","_monsterinsights_sitenote_category":0,"site-sidebar-layout":"default","site-content-layout":"","ast-site-content-layout":"default","site-content-style":"default","site-sidebar-style":"default","ast-global-header-display":"","ast-banner-title-visibility":"","ast-main-header-display":"","ast-hfb-above-header-display":"","ast-hfb-below-header-display":"","ast-hfb-mobile-header-display":"","site-post-title":"","ast-breadcrumbs-content":"","ast-featured-img":"","footer-sml-layout":"","theme-transparent-header-meta":"default","adv-header-id-meta":"","stick-header-meta":"","header-above-stick-meta":"","header-main-stick-meta":"","header-below-stick-meta":"","astra-migrate-meta-layouts":"set","ast-page-background-enabled":"default","ast-page-background-meta":{"desktop":{"background-color":"var(--ast-global-color-4)","background-image":"","background-repeat":"repeat","background-position":"center center","background-size":"auto","background-attachment":"scroll","background-type":"","background-media":"","overlay-type":"","overlay-color":"","overlay-opacity":"","overlay-gradient":""},"tablet":{"background-color":"","background-image":"","background-repeat":"repeat","background-position":"center center","background-size":"auto","background-attachment":"scroll","background-type":"","background-media":"","overlay-type":"","overlay-color":"","overlay-opacity":"","overlay-gradient":""},"mobile":{"background-color":"","background-image":"","background-repeat":"repeat","background-position":"center center","background-size":"auto","background-attachment":"scroll","background-type":"","background-media":"","overlay-type":"","overlay-color":"","overlay-opacity":"","overlay-gradient":""}},"ast-content-background-meta":{"desktop":{"background-color":"var(--ast-global-color-5)","background-image":"","background-repeat":"repeat","background-position":"center center","background-size":"auto","background-attachment":"scroll","background-type":"","background-media":"","overlay-type":"","overlay-color":"","overlay-opacity":"","overlay-gradient":""},"tablet":{"background-color":"var(--ast-global-color-5)","background-image":"","background-repeat":"repeat","background-position":"center center","background-size":"auto","background-attachment":"scroll","background-type":"","background-media":"","overlay-type":"","overlay-color":"","overlay-opacity":"","overlay-gradient":""},"mobile":{"background-color":"var(--ast-global-color-5)","background-image":"","background-repeat":"repeat","background-position":"center center","background-size":"auto","background-attachment":"scroll","background-type":"","background-media":"","overlay-type":"","overlay-color":"","overlay-opacity":"","overlay-gradient":""}}},"product_brand":[],"product_cat":[53],"product_tag":[54],"class_list":{"0":"post-3111","1":"product","2":"type-product","3":"status-publish","4":"has-post-thumbnail","6":"product_cat-arandanos","7":"product_tag-proximamente-disponible","8":"desktop-align-left","9":"tablet-align-left","10":"mobile-align-left","12":"first","13":"outofstock","14":"shipping-taxable","15":"product-type-simple"},"aioseo_notices":[],"_links":{"self":[{"href":"https:\/\/lareservaxalda.es\/en\/wp-json\/wp\/v2\/product\/3111","targetHints":{"allow":["GET"]}}],"collection":[{"href":"https:\/\/lareservaxalda.es\/en\/wp-json\/wp\/v2\/product"}],"about":[{"href":"https:\/\/lareservaxalda.es\/en\/wp-json\/wp\/v2\/types\/product"}],"replies":[{"embeddable":true,"href":"https:\/\/lareservaxalda.es\/en\/wp-json\/wp\/v2\/comments?post=3111"}],"wp:featuredmedia":[{"embeddable":true,"href":"https:\/\/lareservaxalda.es\/en\/wp-json\/wp\/v2\/media\/3104"}],"wp:attachment":[{"href":"https:\/\/lareservaxalda.es\/en\/wp-json\/wp\/v2\/media?parent=3111"}],"wp:term":[{"taxonomy":"product_brand","embeddable":true,"href":"https:\/\/lareservaxalda.es\/en\/wp-json\/wp\/v2\/product_brand?post=3111"},{"taxonomy":"product_cat","embeddable":true,"href":"https:\/\/lareservaxalda.es\/en\/wp-json\/wp\/v2\/product_cat?post=3111"},{"taxonomy":"product_tag","embeddable":true,"href":"https:\/\/lareservaxalda.es\/en\/wp-json\/wp\/v2\/product_tag?post=3111"}],"curies":[{"name":"wp","href":"https:\/\/api.w.org\/{rel}","templated":true}]}}