{"id":2741,"date":"2024-11-19T19:20:25","date_gmt":"2024-11-19T19:20:25","guid":{"rendered":"https:\/\/lareservaxalda.es\/?post_type=product&#038;p=2741"},"modified":"2024-11-30T15:46:48","modified_gmt":"2024-11-30T15:46:48","slug":"lana-xalda-de-dos-cabos-50-g","status":"publish","type":"product","link":"https:\/\/lareservaxalda.es\/en\/product\/lana-xalda-de-dos-cabos-50-g\/","title":{"rendered":"Lana org\u00e1nica de oveja xalda. Dos cabos, 50 gr."},"content":{"rendered":"<p>De la lana de nuestro reba\u00f1o org\u00e1nico de xaldas blancas y negras que viven en libertad sale este maravilloso hilo. Esta colecci\u00f3n simboliza el amor por la naturaleza que sentimos y el respeto por el lugar de donde venimos.<\/p>\n<p>Los colores resultantes de la mezcla son naturales y \u00fanicos.<\/p>\n<p>50 g. y 180 m.<\/p>","protected":false},"excerpt":{"rendered":"<p>De la lana de nuestro reba\u00f1o org\u00e1nico de xaldas blancas y negras que viven en libertad sale este maravilloso hilo. Esta colecci\u00f3n simboliza el amor por la naturaleza que sentimos y el respeto por el lugar de donde venimos.<\/p>\n<p>Los colores resultantes de la mezcla son naturales y \u00fanicos.<\/p>","protected":false},"featured_media":2742,"comment_status":"open","ping_status":"closed","template":"","meta":{"_monsterinsights_skip_tracking":false,"_monsterinsights_sitenote_active":false,"_monsterinsights_sitenote_note":"","_monsterinsights_sitenote_category":0,"site-sidebar-layout":"default","site-content-layout":"","ast-site-content-layout":"default","site-content-style":"default","site-sidebar-style":"default","ast-global-header-display":"","ast-banner-title-visibility":"","ast-main-header-display":"","ast-hfb-above-header-display":"","ast-hfb-below-header-display":"","ast-hfb-mobile-header-display":"","site-post-title":"","ast-breadcrumbs-content":"","ast-featured-img":"","footer-sml-layout":"","theme-transparent-header-meta":"default","adv-header-id-meta":"","stick-header-meta":"","header-above-stick-meta":"","header-main-stick-meta":"","header-below-stick-meta":"","astra-migrate-meta-layouts":"set","ast-page-background-enabled":"default","ast-page-background-meta":{"desktop":{"background-color":"var(--ast-global-color-4)","background-image":"","background-repeat":"repeat","background-position":"center center","background-size":"auto","background-attachment":"scroll","background-type":"","background-media":"","overlay-type":"","overlay-color":"","overlay-opacity":"","overlay-gradient":""},"tablet":{"background-color":"","background-image":"","background-repeat":"repeat","background-position":"center center","background-size":"auto","background-attachment":"scroll","background-type":"","background-media":"","overlay-type":"","overlay-color":"","overlay-opacity":"","overlay-gradient":""},"mobile":{"background-color":"","background-image":"","background-repeat":"repeat","background-position":"center center","background-size":"auto","background-attachment":"scroll","background-type":"","background-media":"","overlay-type":"","overlay-color":"","overlay-opacity":"","overlay-gradient":""}},"ast-content-background-meta":{"desktop":{"background-color":"var(--ast-global-color-5)","background-image":"","background-repeat":"repeat","background-position":"center center","background-size":"auto","background-attachment":"scroll","background-type":"","background-media":"","overlay-type":"","overlay-color":"","overlay-opacity":"","overlay-gradient":""},"tablet":{"background-color":"var(--ast-global-color-5)","background-image":"","background-repeat":"repeat","background-position":"center center","background-size":"auto","background-attachment":"scroll","background-type":"","background-media":"","overlay-type":"","overlay-color":"","overlay-opacity":"","overlay-gradient":""},"mobile":{"background-color":"var(--ast-global-color-5)","background-image":"","background-repeat":"repeat","background-position":"center center","background-size":"auto","background-attachment":"scroll","background-type":"","background-media":"","overlay-type":"","overlay-color":"","overlay-opacity":"","overlay-gradient":""}}},"product_brand":[],"product_cat":[47],"product_tag":[],"class_list":{"0":"post-2741","1":"product","2":"type-product","3":"status-publish","4":"has-post-thumbnail","6":"product_cat-lana","7":"desktop-align-left","8":"tablet-align-left","9":"mobile-align-left","11":"first","12":"instock","13":"shipping-taxable","14":"purchasable","15":"product-type-simple"},"aioseo_notices":[],"_links":{"self":[{"href":"https:\/\/lareservaxalda.es\/en\/wp-json\/wp\/v2\/product\/2741","targetHints":{"allow":["GET"]}}],"collection":[{"href":"https:\/\/lareservaxalda.es\/en\/wp-json\/wp\/v2\/product"}],"about":[{"href":"https:\/\/lareservaxalda.es\/en\/wp-json\/wp\/v2\/types\/product"}],"replies":[{"embeddable":true,"href":"https:\/\/lareservaxalda.es\/en\/wp-json\/wp\/v2\/comments?post=2741"}],"wp:featuredmedia":[{"embeddable":true,"href":"https:\/\/lareservaxalda.es\/en\/wp-json\/wp\/v2\/media\/2742"}],"wp:attachment":[{"href":"https:\/\/lareservaxalda.es\/en\/wp-json\/wp\/v2\/media?parent=2741"}],"wp:term":[{"taxonomy":"product_brand","embeddable":true,"href":"https:\/\/lareservaxalda.es\/en\/wp-json\/wp\/v2\/product_brand?post=2741"},{"taxonomy":"product_cat","embeddable":true,"href":"https:\/\/lareservaxalda.es\/en\/wp-json\/wp\/v2\/product_cat?post=2741"},{"taxonomy":"product_tag","embeddable":true,"href":"https:\/\/lareservaxalda.es\/en\/wp-json\/wp\/v2\/product_tag?post=2741"}],"curies":[{"name":"wp","href":"https:\/\/api.w.org\/{rel}","templated":true}]}}