{"id":2893,"date":"2025-02-21T17:41:55","date_gmt":"2025-02-21T17:41:55","guid":{"rendered":"https:\/\/lareservaxalda.es\/?page_id=2893"},"modified":"2025-02-21T18:02:56","modified_gmt":"2025-02-21T18:02:56","slug":"biodiversidad-economiacircular-sostenibilidad-trazabilidad","status":"publish","type":"page","link":"https:\/\/lareservaxalda.es\/en\/biodiversidad-economiacircular-sostenibilidad-trazabilidad\/","title":{"rendered":"BEST"},"content":{"rendered":"<div data-elementor-type=\"wp-page\" data-elementor-id=\"2893\" class=\"elementor elementor-2893\">\n\t\t\t\t<div class=\"elementor-element elementor-element-ztk61km e-flex e-con-boxed e-con e-parent\" data-id=\"ztk61km\" data-element_type=\"container\" data-settings=\"{&quot;background_background&quot;:&quot;classic&quot;}\">\n\t\t\t\t\t<div class=\"e-con-inner\">\n\t\t<div class=\"elementor-element elementor-element-d21b7e0 e-flex e-con-boxed e-con e-child\" data-id=\"d21b7e0\" data-element_type=\"container\">\n\t\t\t\t\t<div class=\"e-con-inner\">\n\t\t\t\t<div class=\"elementor-element elementor-element-e9fd9dc elementor-widget elementor-widget-heading\" data-id=\"e9fd9dc\" data-element_type=\"widget\" data-widget_type=\"heading.default\">\n\t\t\t\t<div class=\"elementor-widget-container\">\n\t\t\t\t\t<h2 class=\"elementor-heading-title elementor-size-default\">BEST<\/h2>\t\t\t\t<\/div>\n\t\t\t\t<\/div>\n\t\t\t\t<div class=\"elementor-element elementor-element-551a0f0 elementor-widget elementor-widget-heading\" data-id=\"551a0f0\" data-element_type=\"widget\" data-widget_type=\"heading.default\">\n\t\t\t\t<div class=\"elementor-widget-container\">\n\t\t\t\t\t<p class=\"elementor-heading-title elementor-size-default\">Biodiversidad, Econom\u00eda circular, Sostenibilidad, Trazabilidad<\/p>\t\t\t\t<\/div>\n\t\t\t\t<\/div>\n\t\t\t\t\t<\/div>\n\t\t\t\t<\/div>\n\t\t\t\t\t<\/div>\n\t\t\t\t<\/div>\n\t\t<div class=\"elementor-element elementor-element-xnitp4b e-flex e-con-boxed e-con e-parent\" data-id=\"xnitp4b\" data-element_type=\"container\">\n\t\t\t\t\t<div class=\"e-con-inner\">\n\t\t<div class=\"elementor-element elementor-element-7dbc6fb e-con-full e-flex e-con e-child\" data-id=\"7dbc6fb\" data-element_type=\"container\">\n\t\t\t\t<div class=\"elementor-element elementor-element-6658dc9 elementor-widget elementor-widget-heading\" data-id=\"6658dc9\" data-element_type=\"widget\" data-widget_type=\"heading.default\">\n\t\t\t\t<div class=\"elementor-widget-container\">\n\t\t\t\t\t<h3 class=\"elementor-heading-title elementor-size-default\">M\u00e1xima responsabilidad, son las primeras palabras que se nos vinieron a la cabeza al adquirir la finca, desde\u200b los gigantescos pinos con un joven robledal a sus pies, hasta el nogal centen\u200b\u200b\u200b\u200b\u200b\u200bario de t\u00eda Soledad. Comprendimos que est\u00e1bamos heredando la piedra angular del patrimonio natural de nuestro pueblo. <\/h3>\t\t\t\t<\/div>\n\t\t\t\t<\/div>\n\t\t\t\t<div class=\"elementor-element elementor-element-a2baa87 elementor-widget elementor-widget-heading\" data-id=\"a2baa87\" data-element_type=\"widget\" data-widget_type=\"heading.default\">\n\t\t\t\t<div class=\"elementor-widget-container\">\n\t\t\t\t\t<h3 class=\"elementor-heading-title elementor-size-default\">De ah\u00ed que todos los pasos sean importantes, que todo se plantee desde nuestro concepto BEST: Biodiversidad, Econom\u00eda Circular, Sostenibilidad y Trazabilidad.<\/h3>\t\t\t\t<\/div>\n\t\t\t\t<\/div>\n\t\t\t\t<div class=\"elementor-element elementor-element-e9a8c1e elementor-widget elementor-widget-image\" data-id=\"e9a8c1e\" data-element_type=\"widget\" data-widget_type=\"image.default\">\n\t\t\t\t<div class=\"elementor-widget-container\">\n\t\t\t\t\t\t\t\t\t\t\t\t\t\t\t<img fetchpriority=\"high\" decoding=\"async\" width=\"1024\" height=\"768\" src=\"https:\/\/lareservaxalda.es\/wp-content\/uploads\/2024\/11\/WhatsAppImage2024-11-08at18.52.13-1024x768.jpeg\" class=\"attachment-large size-large wp-image-2599\" alt=\"La Reserva, Biodiversidad, Econom\u00eda circular, Sostenibilidad y Trazabilidad\" srcset=\"https:\/\/lareservaxalda.es\/wp-content\/uploads\/2024\/11\/WhatsAppImage2024-11-08at18.52.13-1024x768.jpeg 1024w, https:\/\/lareservaxalda.es\/wp-content\/uploads\/2024\/11\/WhatsAppImage2024-11-08at18.52.13-300x225.jpeg 300w, https:\/\/lareservaxalda.es\/wp-content\/uploads\/2024\/11\/WhatsAppImage2024-11-08at18.52.13-768x576.jpeg 768w, https:\/\/lareservaxalda.es\/wp-content\/uploads\/2024\/11\/WhatsAppImage2024-11-08at18.52.13-1536x1152.jpeg 1536w, https:\/\/lareservaxalda.es\/wp-content\/uploads\/2024\/11\/WhatsAppImage2024-11-08at18.52.13-600x450.jpeg 600w, https:\/\/lareservaxalda.es\/wp-content\/uploads\/2024\/11\/WhatsAppImage2024-11-08at18.52.13.jpeg 2000w\" sizes=\"(max-width: 1024px) 100vw, 1024px\" \/>\t\t\t\t\t\t\t\t\t\t\t\t\t\t\t<\/div>\n\t\t\t\t<\/div>\n\t\t<div class=\"elementor-element elementor-element-51b695b e-flex e-con-boxed e-con e-child\" data-id=\"51b695b\" data-element_type=\"container\">\n\t\t\t\t\t<div class=\"e-con-inner\">\n\t\t<div class=\"elementor-element elementor-element-bda37a0 e-flex e-con-boxed e-con e-child\" data-id=\"bda37a0\" data-element_type=\"container\">\n\t\t\t\t\t<div class=\"e-con-inner\">\n\t\t\t\t<div class=\"elementor-element elementor-element-6d20ef0 elementor-widget elementor-widget-heading\" data-id=\"6d20ef0\" data-element_type=\"widget\" data-widget_type=\"heading.default\">\n\t\t\t\t<div class=\"elementor-widget-container\">\n\t\t\t\t\t<h3 class=\"elementor-heading-title elementor-size-default\">BIODIVERSITY<\/h3>\t\t\t\t<\/div>\n\t\t\t\t<\/div>\n\t\t\t\t<div class=\"elementor-element elementor-element-91bab08 elementor-widget elementor-widget-text-editor\" data-id=\"91bab08\" data-element_type=\"widget\" data-widget_type=\"text-editor.default\">\n\t\t\t\t<div class=\"elementor-widget-container\">\n\t\t\t\t\t\t\t\t\t<p>Desde el principio ten\u00edamos claro que no quer\u00edamos una explotaci\u00f3n de ar\u00e1ndanos al uso, quer\u00edamos conservar la biodiversidad de la Reserva e incluso si cabe incrementarla: reubicando \u00e1rboles, rescatan\u200bdo otros de otras fincas (nogales, casta\u00f1os, pinos, &#8230;), plantando otros ejemplares nuevos, instalando hoteles para insectos,\u00a0 conservando pasillos biol\u00f3gicos para mam\u00edferos (tejones, martas, zorros, jinetas, &#8230;), colmenas de abejas y abejorros, cajas nido para aves y murci\u00e9lagos, etc.<\/p>\t\t\t\t\t\t\t\t<\/div>\n\t\t\t\t<\/div>\n\t\t\t\t\t<\/div>\n\t\t\t\t<\/div>\n\t\t<div class=\"elementor-element elementor-element-8c3d36e e-flex e-con-boxed e-con e-child\" data-id=\"8c3d36e\" data-element_type=\"container\">\n\t\t\t\t\t<div class=\"e-con-inner\">\n\t\t\t\t<div class=\"elementor-element elementor-element-2061947 elementor-widget elementor-widget-heading\" data-id=\"2061947\" data-element_type=\"widget\" data-widget_type=\"heading.default\">\n\t\t\t\t<div class=\"elementor-widget-container\">\n\t\t\t\t\t<h3 class=\"elementor-heading-title elementor-size-default\">Circular Economy<\/h3>\t\t\t\t<\/div>\n\t\t\t\t<\/div>\n\t\t\t\t<div class=\"elementor-element elementor-element-d19c62f elementor-widget elementor-widget-text-editor\" data-id=\"d19c62f\" data-element_type=\"widget\" data-widget_type=\"text-editor.default\">\n\t\t\t\t<div class=\"elementor-widget-container\">\n\t\t\t\t\t\t\t\t\t<p>Ser singulares pero sobre todo ser responsables, desde un sistema de riego de alta precisi\u00f3n alimentado por energ\u00eda solar independiente de la red, pasando por el aprovechamiento del abono<br \/>que producen nuestras ovejas para compostarlo, su lana para la artesan\u00eda y como mulching para nuestros cultivos, captamos agua de lluvia para riego de nuestro huerto y para la limpieza de la lana en bruto, minimizamos el uso de pl\u00e1sticos ganaderos o de cualquier tipo y lo que usamos lo reciclamos y si cabe reutilizamos.<\/p>\t\t\t\t\t\t\t\t<\/div>\n\t\t\t\t<\/div>\n\t\t\t\t\t<\/div>\n\t\t\t\t<\/div>\n\t\t\t\t\t<\/div>\n\t\t\t\t<\/div>\n\t\t<div class=\"elementor-element elementor-element-8d9eedb e-con-full e-flex e-con e-child\" data-id=\"8d9eedb\" data-element_type=\"container\">\n\t\t<div class=\"elementor-element elementor-element-975a038 e-flex e-con-boxed e-con e-child\" data-id=\"975a038\" data-element_type=\"container\">\n\t\t\t\t\t<div class=\"e-con-inner\">\n\t\t\t\t<div class=\"elementor-element elementor-element-2ed4446 elementor-widget elementor-widget-heading\" data-id=\"2ed4446\" data-element_type=\"widget\" data-widget_type=\"heading.default\">\n\t\t\t\t<div class=\"elementor-widget-container\">\n\t\t\t\t\t<h3 class=\"elementor-heading-title elementor-size-default\">SUSTAINABILITY<\/h3>\t\t\t\t<\/div>\n\t\t\t\t<\/div>\n\t\t\t\t<div class=\"elementor-element elementor-element-9bde1a4 elementor-widget elementor-widget-text-editor\" data-id=\"9bde1a4\" data-element_type=\"widget\" data-widget_type=\"text-editor.default\">\n\t\t\t\t<div class=\"elementor-widget-container\">\n\t\t\t\t\t\t\t\t\t<p>PODEMOS DECIRLO EN ALTO, ES NUESTRO ORGULLO: NO UTILIZAMOS POZOS QUE BEBAN DE NING\u00daN ACU\u00cdFERO.<\/p><p>Combinamos la captaci\u00f3n de aguas pluviales con la tra\u00edda municipal de agua, utilizamos ENERG\u00cdA SOLAR RENOVABLE. Minimizando nuestra huella de carbono e h\u00eddrica.<\/p>\t\t\t\t\t\t\t\t<\/div>\n\t\t\t\t<\/div>\n\t\t\t\t\t<\/div>\n\t\t\t\t<\/div>\n\t\t<div class=\"elementor-element elementor-element-8412c26 e-flex e-con-boxed e-con e-child\" data-id=\"8412c26\" data-element_type=\"container\">\n\t\t\t\t\t<div class=\"e-con-inner\">\n\t\t\t\t<div class=\"elementor-element elementor-element-37afb05 elementor-widget elementor-widget-heading\" data-id=\"37afb05\" data-element_type=\"widget\" data-widget_type=\"heading.default\">\n\t\t\t\t<div class=\"elementor-widget-container\">\n\t\t\t\t\t<h3 class=\"elementor-heading-title elementor-size-default\">TRACEABILITY<\/h3>\t\t\t\t<\/div>\n\t\t\t\t<\/div>\n\t\t\t\t<div class=\"elementor-element elementor-element-d96084d elementor-widget elementor-widget-text-editor\" data-id=\"d96084d\" data-element_type=\"widget\" data-widget_type=\"text-editor.default\">\n\t\t\t\t<div class=\"elementor-widget-container\">\n\t\t\t\t\t\t\t\t\t<p>From The Reserve to your hands. We sell our products mainly at local fairs and markets, regional restaurants, and directly at the farm to ensure responsible practices: from their origin to their destination. Come and meet us.<\/p>\t\t\t\t\t\t\t\t<\/div>\n\t\t\t\t<\/div>\n\t\t\t\t\t<\/div>\n\t\t\t\t<\/div>\n\t\t\t\t<\/div>\n\t\t<div class=\"elementor-element elementor-element-e6d457b e-con-full e-flex e-con e-child\" data-id=\"e6d457b\" data-element_type=\"container\">\n\t\t\t\t<div class=\"elementor-element elementor-element-d247011 elementor-arrows-position-inside elementor-pagination-position-outside elementor-widget elementor-widget-image-carousel\" data-id=\"d247011\" data-element_type=\"widget\" data-settings=\"{&quot;slides_to_show&quot;:&quot;3&quot;,&quot;image_spacing_custom&quot;:{&quot;unit&quot;:&quot;px&quot;,&quot;size&quot;:0,&quot;sizes&quot;:[]},&quot;navigation&quot;:&quot;both&quot;,&quot;autoplay&quot;:&quot;yes&quot;,&quot;pause_on_hover&quot;:&quot;yes&quot;,&quot;pause_on_interaction&quot;:&quot;yes&quot;,&quot;autoplay_speed&quot;:5000,&quot;infinite&quot;:&quot;yes&quot;,&quot;speed&quot;:500,&quot;image_spacing_custom_tablet&quot;:{&quot;unit&quot;:&quot;px&quot;,&quot;size&quot;:&quot;&quot;,&quot;sizes&quot;:[]},&quot;image_spacing_custom_mobile&quot;:{&quot;unit&quot;:&quot;px&quot;,&quot;size&quot;:&quot;&quot;,&quot;sizes&quot;:[]}}\" data-widget_type=\"image-carousel.default\">\n\t\t\t\t<div class=\"elementor-widget-container\">\n\t\t\t\t\t\t\t<div class=\"elementor-image-carousel-wrapper swiper\" role=\"region\" aria-roledescription=\"carousel\" aria-label=\"Carrusel de im\u00e1genes\" dir=\"ltr\">\n\t\t\t<div class=\"elementor-image-carousel swiper-wrapper\" aria-live=\"off\">\n\t\t\t\t\t\t\t\t<div class=\"swiper-slide\" role=\"group\" aria-roledescription=\"slide\" aria-label=\"1 of 7\"><figure class=\"swiper-slide-inner\"><img decoding=\"async\" class=\"swiper-slide-image\" src=\"https:\/\/lareservaxalda.es\/wp-content\/uploads\/2024\/10\/WhatsAppImage2024-10-31at09.02.121-1-236x300.jpeg\" alt=\"La reserva, Biodiversidad, Econom\u00eda Circular, Sostenibilidad y Trazabilidad.\" \/><\/figure><\/div><div class=\"swiper-slide\" role=\"group\" aria-roledescription=\"slide\" aria-label=\"2 of 7\"><figure class=\"swiper-slide-inner\"><img decoding=\"async\" class=\"swiper-slide-image\" src=\"https:\/\/lareservaxalda.es\/wp-content\/uploads\/2024\/10\/WhatsAppImage2024-10-31at09.05.07-185x300.jpeg\" alt=\"La reserva, Biodiversidad, Econom\u00eda Circular, Sostenibilidad y Trazabilidad.\" \/><\/figure><\/div><div class=\"swiper-slide\" role=\"group\" aria-roledescription=\"slide\" aria-label=\"3 of 7\"><figure class=\"swiper-slide-inner\"><img decoding=\"async\" class=\"swiper-slide-image\" src=\"https:\/\/lareservaxalda.es\/wp-content\/uploads\/2024\/10\/WhatsAppImage2024-10-31at09.02.121-225x300.jpeg\" alt=\"La reserva, Biodiversidad, Econom\u00eda Circular, Sostenibilidad y Trazabilidad.\" \/><\/figure><\/div><div class=\"swiper-slide\" role=\"group\" aria-roledescription=\"slide\" aria-label=\"4 of 7\"><figure class=\"swiper-slide-inner\"><img decoding=\"async\" class=\"swiper-slide-image\" src=\"https:\/\/lareservaxalda.es\/wp-content\/uploads\/2024\/10\/WhatsAppImage2024-10-31at09.02.12-243x300.jpeg\" alt=\"La reserva, Biodiversidad, Econom\u00eda Circular, Sostenibilidad y Trazabilidad.\" \/><\/figure><\/div><div class=\"swiper-slide\" role=\"group\" aria-roledescription=\"slide\" aria-label=\"5 of 7\"><figure class=\"swiper-slide-inner\"><img decoding=\"async\" class=\"swiper-slide-image\" src=\"https:\/\/lareservaxalda.es\/wp-content\/uploads\/2024\/10\/WhatsAppImage2024-10-31at09.03.011-e1740167179983-300x281.jpeg\" alt=\"La reserva, Biodiversidad, Econom\u00eda Circular, Sostenibilidad y Trazabilidad.\" \/><\/figure><\/div><div class=\"swiper-slide\" role=\"group\" aria-roledescription=\"slide\" aria-label=\"6 of 7\"><figure class=\"swiper-slide-inner\"><img decoding=\"async\" class=\"swiper-slide-image\" src=\"https:\/\/lareservaxalda.es\/wp-content\/uploads\/2024\/10\/WhatsAppImage2024-10-31at09.03.01-237x300.jpeg\" alt=\"La reserva, Biodiversidad, Econom\u00eda Circular, Sostenibilidad y Trazabilidad.\" \/><\/figure><\/div><div class=\"swiper-slide\" role=\"group\" aria-roledescription=\"slide\" aria-label=\"7 of 7\"><figure class=\"swiper-slide-inner\"><img decoding=\"async\" class=\"swiper-slide-image\" src=\"https:\/\/lareservaxalda.es\/wp-content\/uploads\/2024\/10\/IMG_20240502_172220-225x300.jpg\" alt=\"La reserva, Biodiversidad, Econom\u00eda Circular, Sostenibilidad y Trazabilidad.\" \/><\/figure><\/div>\t\t\t<\/div>\n\t\t\t\t\t\t\t\t\t\t\t\t<div class=\"elementor-swiper-button elementor-swiper-button-prev\" role=\"button\" tabindex=\"0\">\n\t\t\t\t\t\t<svg aria-hidden=\"true\" class=\"e-font-icon-svg e-eicon-chevron-left\" viewbox=\"0 0 1000 1000\" xmlns=\"http:\/\/www.w3.org\/2000\/svg\"><path d=\"M646 125C629 125 613 133 604 142L308 442C296 454 292 471 292 487 292 504 296 521 308 533L604 854C617 867 629 875 646 875 663 875 679 871 692 858 704 846 713 829 713 812 713 796 708 779 692 767L438 487 692 225C700 217 708 204 708 187 708 171 704 154 692 142 675 129 663 125 646 125Z\"><\/path><\/svg>\t\t\t\t\t<\/div>\n\t\t\t\t\t<div class=\"elementor-swiper-button elementor-swiper-button-next\" role=\"button\" tabindex=\"0\">\n\t\t\t\t\t\t<svg aria-hidden=\"true\" class=\"e-font-icon-svg e-eicon-chevron-right\" viewbox=\"0 0 1000 1000\" xmlns=\"http:\/\/www.w3.org\/2000\/svg\"><path d=\"M696 533C708 521 713 504 713 487 713 471 708 454 696 446L400 146C388 133 375 125 354 125 338 125 325 129 313 142 300 154 292 171 292 187 292 204 296 221 308 233L563 492 304 771C292 783 288 800 288 817 288 833 296 850 308 863 321 871 338 875 354 875 371 875 388 867 400 854L696 533Z\"><\/path><\/svg>\t\t\t\t\t<\/div>\n\t\t\t\t\n\t\t\t\t\t\t\t\t\t<div class=\"swiper-pagination\"><\/div>\n\t\t\t\t\t\t\t\t\t<\/div>\n\t\t\t\t\t\t<\/div>\n\t\t\t\t<\/div>\n\t\t\t\t<\/div>\n\t\t\t\t<\/div>\n\t\t\t\t\t<\/div>\n\t\t\t\t<\/div>\n\t\t<div class=\"elementor-element elementor-element-g5802e9 e-flex e-con-boxed e-con e-parent\" data-id=\"g5802e9\" data-element_type=\"container\" data-settings=\"{&quot;background_background&quot;:&quot;classic&quot;}\">\n\t\t\t\t\t<div class=\"e-con-inner\">\n\t\t<div class=\"elementor-element elementor-element-920e714 e-con-full e-flex e-con e-child\" data-id=\"920e714\" data-element_type=\"container\">\n\t\t\t\t<\/div>\n\t\t<div class=\"elementor-element elementor-element-94092f7 e-con-full e-flex e-con e-child\" data-id=\"94092f7\" data-element_type=\"container\">\n\t\t\t\t<div class=\"elementor-element elementor-element-aad1e15 elementor-widget elementor-widget-image\" data-id=\"aad1e15\" data-element_type=\"widget\" data-widget_type=\"image.default\">\n\t\t\t\t<div class=\"elementor-widget-container\">\n\t\t\t\t\t\t\t\t\t\t\t\t\t\t\t<img decoding=\"async\" width=\"300\" height=\"197\" src=\"https:\/\/lareservaxalda.es\/wp-content\/uploads\/2025\/02\/LaReserva_Logotipo_OvejaC-300x197.png\" class=\"attachment-medium size-medium wp-image-2827\" alt=\"LaReserva_ProductosEcologicos\" srcset=\"https:\/\/lareservaxalda.es\/wp-content\/uploads\/2025\/02\/LaReserva_Logotipo_OvejaC-300x197.png 300w, https:\/\/lareservaxalda.es\/wp-content\/uploads\/2025\/02\/LaReserva_Logotipo_OvejaC-1024x672.png 1024w, https:\/\/lareservaxalda.es\/wp-content\/uploads\/2025\/02\/LaReserva_Logotipo_OvejaC-768x504.png 768w, https:\/\/lareservaxalda.es\/wp-content\/uploads\/2025\/02\/LaReserva_Logotipo_OvejaC-1536x1008.png 1536w, https:\/\/lareservaxalda.es\/wp-content\/uploads\/2025\/02\/LaReserva_Logotipo_OvejaC-18x12.png 18w, https:\/\/lareservaxalda.es\/wp-content\/uploads\/2025\/02\/LaReserva_Logotipo_OvejaC-600x394.png 600w, https:\/\/lareservaxalda.es\/wp-content\/uploads\/2025\/02\/LaReserva_Logotipo_OvejaC.png 2023w\" sizes=\"(max-width: 300px) 100vw, 300px\" \/>\t\t\t\t\t\t\t\t\t\t\t\t\t\t\t<\/div>\n\t\t\t\t<\/div>\n\t\t\t\t<div class=\"elementor-element elementor-element-7f86a88 elementor-widget elementor-widget-heading\" data-id=\"7f86a88\" data-element_type=\"widget\" data-widget_type=\"heading.default\">\n\t\t\t\t<div class=\"elementor-widget-container\">\n\t\t\t\t\t<h4 class=\"elementor-heading-title elementor-size-default\">Would you like to visit us?<\/h4>\t\t\t\t<\/div>\n\t\t\t\t<\/div>\n\t\t\t\t<div class=\"elementor-element elementor-element-f9a734c elementor-button-warning elementor-align-center elementor-widget elementor-widget-button\" data-id=\"f9a734c\" data-element_type=\"widget\" data-widget_type=\"button.default\">\n\t\t\t\t<div class=\"elementor-widget-container\">\n\t\t\t\t\t\t\t\t\t<div class=\"elementor-button-wrapper\">\n\t\t\t\t\t<a class=\"elementor-button elementor-button-link elementor-size-sm elementor-animation-grow\" href=\"tel:\/\/616555254\">\n\t\t\t\t\t\t<span class=\"elementor-button-content-wrapper\">\n\t\t\t\t\t\t<span class=\"elementor-button-icon\">\n\t\t\t\t<svg aria-hidden=\"true\" class=\"e-font-icon-svg e-fas-phone\" viewbox=\"0 0 512 512\" xmlns=\"http:\/\/www.w3.org\/2000\/svg\"><path d=\"M493.4 24.6l-104-24c-11.3-2.6-22.9 3.3-27.5 13.9l-48 112c-4.2 9.8-1.4 21.3 6.9 28l60.6 49.6c-36 76.7-98.9 140.5-177.2 177.2l-49.6-60.6c-6.8-8.3-18.2-11.1-28-6.9l-112 48C3.9 366.5-2 378.1.6 389.4l24 104C27.1 504.2 36.7 512 48 512c256.1 0 464-207.5 464-464 0-11.2-7.7-20.9-18.6-23.4z\"><\/path><\/svg>\t\t\t<\/span>\n\t\t\t\t\t\t\t\t\t<span class=\"elementor-button-text\">Ll\u00e1manos<\/span>\n\t\t\t\t\t<\/span>\n\t\t\t\t\t<\/a>\n\t\t\t\t<\/div>\n\t\t\t\t\t\t\t\t<\/div>\n\t\t\t\t<\/div>\n\t\t\t\t<\/div>\n\t\t<div class=\"elementor-element elementor-element-0bd015f e-con-full e-flex e-con e-child\" data-id=\"0bd015f\" data-element_type=\"container\">\n\t\t\t\t<\/div>\n\t\t\t\t\t<\/div>\n\t\t\t\t<\/div>\n\t\t\t\t<\/div>","protected":false},"excerpt":{"rendered":"<p>BEST Biodiversidad, Econom\u00eda circular, Sostenibilidad, Trazabilidad M\u00e1xima responsabilidad, son las primeras palabras que se nos vinieron a la cabeza al adquirir la finca, desde\u200b los gigantescos pinos con un joven robledal a sus pies, hasta el nogal centen\u200b\u200b\u200b\u200b\u200b\u200bario de t\u00eda Soledad. Comprendimos que est\u00e1bamos heredando la piedra angular del patrimonio natural de nuestro pueblo. De [&hellip;]<\/p>","protected":false},"author":1,"featured_media":0,"parent":0,"menu_order":0,"comment_status":"closed","ping_status":"closed","template":"","meta":{"_monsterinsights_skip_tracking":false,"_monsterinsights_sitenote_active":false,"_monsterinsights_sitenote_note":"","_monsterinsights_sitenote_category":0,"site-sidebar-layout":"no-sidebar","site-content-layout":"page-builder","ast-site-content-layout":"full-width-container","site-content-style":"default","site-sidebar-style":"default","ast-global-header-display":"","ast-banner-title-visibility":"","ast-main-header-display":"","ast-hfb-above-header-display":"","ast-hfb-below-header-display":"","ast-hfb-mobile-header-display":"","site-post-title":"disabled","ast-breadcrumbs-content":"","ast-featured-img":"disabled","footer-sml-layout":"","theme-transparent-header-meta":"","adv-header-id-meta":"","stick-header-meta":"","header-above-stick-meta":"","header-main-stick-meta":"","header-below-stick-meta":"","astra-migrate-meta-layouts":"set","ast-page-background-enabled":"default","ast-page-background-meta":{"desktop":{"background-color":"var(--ast-global-color-4)","background-image":"","background-repeat":"repeat","background-position":"center center","background-size":"auto","background-attachment":"scroll","background-type":"","background-media":"","overlay-type":"","overlay-color":"","overlay-opacity":"","overlay-gradient":""},"tablet":{"background-color":"","background-image":"","background-repeat":"repeat","background-position":"center center","background-size":"auto","background-attachment":"scroll","background-type":"","background-media":"","overlay-type":"","overlay-color":"","overlay-opacity":"","overlay-gradient":""},"mobile":{"background-color":"","background-image":"","background-repeat":"repeat","background-position":"center center","background-size":"auto","background-attachment":"scroll","background-type":"","background-media":"","overlay-type":"","overlay-color":"","overlay-opacity":"","overlay-gradient":""}},"ast-content-background-meta":{"desktop":{"background-color":"var(--ast-global-color-5)","background-image":"","background-repeat":"repeat","background-position":"center center","background-size":"auto","background-attachment":"scroll","background-type":"","background-media":"","overlay-type":"","overlay-color":"","overlay-opacity":"","overlay-gradient":""},"tablet":{"background-color":"var(--ast-global-color-5)","background-image":"","background-repeat":"repeat","background-position":"center center","background-size":"auto","background-attachment":"scroll","background-type":"","background-media":"","overlay-type":"","overlay-color":"","overlay-opacity":"","overlay-gradient":""},"mobile":{"background-color":"var(--ast-global-color-5)","background-image":"","background-repeat":"repeat","background-position":"center center","background-size":"auto","background-attachment":"scroll","background-type":"","background-media":"","overlay-type":"","overlay-color":"","overlay-opacity":"","overlay-gradient":""}},"footnotes":""},"class_list":["post-2893","page","type-page","status-publish","hentry"],"aioseo_notices":[],"_links":{"self":[{"href":"https:\/\/lareservaxalda.es\/en\/wp-json\/wp\/v2\/pages\/2893","targetHints":{"allow":["GET"]}}],"collection":[{"href":"https:\/\/lareservaxalda.es\/en\/wp-json\/wp\/v2\/pages"}],"about":[{"href":"https:\/\/lareservaxalda.es\/en\/wp-json\/wp\/v2\/types\/page"}],"author":[{"embeddable":true,"href":"https:\/\/lareservaxalda.es\/en\/wp-json\/wp\/v2\/users\/1"}],"replies":[{"embeddable":true,"href":"https:\/\/lareservaxalda.es\/en\/wp-json\/wp\/v2\/comments?post=2893"}],"version-history":[{"count":11,"href":"https:\/\/lareservaxalda.es\/en\/wp-json\/wp\/v2\/pages\/2893\/revisions"}],"predecessor-version":[{"id":2910,"href":"https:\/\/lareservaxalda.es\/en\/wp-json\/wp\/v2\/pages\/2893\/revisions\/2910"}],"wp:attachment":[{"href":"https:\/\/lareservaxalda.es\/en\/wp-json\/wp\/v2\/media?parent=2893"}],"curies":[{"name":"wp","href":"https:\/\/api.w.org\/{rel}","templated":true}]}}